{"id":100,"date":"2017-02-14T15:11:28","date_gmt":"2017-02-14T15:11:28","guid":{"rendered":"https:\/\/veersegat.nlnl\/?page_id=100"},"modified":"2026-01-19T12:23:15","modified_gmt":"2026-01-19T12:23:15","slug":"groepsaccommodatie","status":"publish","type":"page","link":"https:\/\/veersegat.nl\/de\/verhuur\/groepsaccommodatie\/","title":{"rendered":"Gruppenunterkunft: Linda"},"content":{"rendered":"<p>F\u00fcr Betriebe, Schulen und Gruppen, die auf der Suche nach einer geeigneten Gruppenunterkunft sind, eventuell in Kombination mit anderen (Wasser-)Aktivit\u00e4ten bietet Het Veerse Gat verschiedene M\u00f6glichkeiten. Zus\u00e4tzlich zu unseren Trekkingh\u00fctten k\u00f6nnen Sie auch die Unterkunft auf dem Motorschiff \u201eLinda\u201c mieten. Das Schiff verf\u00fcgt \u00fcber 16 Doppel- und 4 Einzelh\u00fctten (insgesamt 36 Betten), 4 Duschen und 4 Toiletten. Jede H\u00fctte hat ein eigenes Waschbecken und eine Ladepunkt f\u00fcr mobile Ger\u00e4te. Es gibt Zentralheizung und einen sch\u00f6nen Essraum \/Aufenthaltsraum mit verschiedenen audiovisuellen Einrichtungen. Das Team von Het Veerse Gat versorgt gerne Ihr Fr\u00fchst\u00fcck, Ihren Lunch und Ihr Diner. Die K\u00fcche ist f\u00fcr unsere G\u00e4ste nicht zug\u00e4nglich.<\/p>\n<p><strong>Weitere Informationen<\/strong><br \/>\nM\u00f6chten Sie mehr \u00fcber die M\u00f6glichkeiten, zum Beispiel der Miete von \u201eLinda\u201c in Kombination mit Segeltouren, unter Umst\u00e4nden unter Leitung eines erfahrenen Trainers, wissen? Nehmen Sie dann unverbindlich Kontakt mit uns auf via E-Mail: <a href=\"mailto:info@veersegat.nl\/\">info@veersegat.nl\/<\/a> oder telefonisch +31-(0)118-501398<\/p>\n<p><img loading=\"lazy\" decoding=\"async\" class=\"size-medium wp-image-1068\" src=\"https:\/\/veersegat.nl\/wp-content\/uploads\/2020\/01\/DSC_0724-300x225.jpg\" alt=\"\" width=\"300\" height=\"225\" srcset=\"https:\/\/veersegat.nl\/wp-content\/uploads\/2020\/01\/DSC_0724-300x225.jpg 300w, https:\/\/veersegat.nl\/wp-content\/uploads\/2020\/01\/DSC_0724-768x577.jpg 768w, https:\/\/veersegat.nl\/wp-content\/uploads\/2020\/01\/DSC_0724-1024x769.jpg 1024w, https:\/\/veersegat.nl\/wp-content\/uploads\/2020\/01\/DSC_0724-1536x1153.jpg 1536w, https:\/\/veersegat.nl\/wp-content\/uploads\/2020\/01\/DSC_0724-2048x1537.jpg 2048w, https:\/\/veersegat.nl\/wp-content\/uploads\/2020\/01\/DSC_0724-624x468.jpg 624w, https:\/\/veersegat.nl\/wp-content\/uploads\/2020\/01\/DSC_0724-240x180.jpg 240w\" sizes=\"auto, (max-width: 300px) 100vw, 300px\" \/> <img loading=\"lazy\" decoding=\"async\" class=\"size-medium wp-image-1067\" src=\"https:\/\/veersegat.nl\/wp-content\/uploads\/2020\/01\/DSC_0722-K-225x300.jpg\" alt=\"\" width=\"225\" height=\"300\" srcset=\"https:\/\/veersegat.nl\/wp-content\/uploads\/2020\/01\/DSC_0722-K-225x300.jpg 225w, https:\/\/veersegat.nl\/wp-content\/uploads\/2020\/01\/DSC_0722-K-768x1023.jpg 768w, https:\/\/veersegat.nl\/wp-content\/uploads\/2020\/01\/DSC_0722-K-769x1024.jpg 769w, https:\/\/veersegat.nl\/wp-content\/uploads\/2020\/01\/DSC_0722-K-1153x1536.jpg 1153w, https:\/\/veersegat.nl\/wp-content\/uploads\/2020\/01\/DSC_0722-K-1538x2048.jpg 1538w, https:\/\/veersegat.nl\/wp-content\/uploads\/2020\/01\/DSC_0722-K-624x831.jpg 624w, https:\/\/veersegat.nl\/wp-content\/uploads\/2020\/01\/DSC_0722-K.jpg 1600w\" sizes=\"auto, (max-width: 225px) 100vw, 225px\" \/><\/p>\n<p><iframe loading=\"lazy\" src=\"https:\/\/veersegat.nl\/agenda\/?id_item=12&taal=de\" width=\"100%\" height=\"280\" frameborder=\"0\" scrolling=\"auto\"><\/iframe><\/p>","protected":false},"excerpt":{"rendered":"<p>F\u00fcr Betriebe, Schulen und Gruppen, die auf der Suche nach einer geeigneten Gruppenunterkunft sind, eventuell in Kombination mit anderen (Wasser-)Aktivit\u00e4ten bietet Het Veerse Gat verschiedene M\u00f6glichkeiten. Zus\u00e4tzlich zu unseren Trekkingh\u00fctten&#8230; <a href=\"https:\/\/veersegat.nl\/de\/verhuur\/groepsaccommodatie\/\">Read more &raquo;<\/a><\/p>\n","protected":false},"author":1,"featured_media":1766,"parent":33,"menu_order":10,"comment_status":"closed","ping_status":"closed","template":"page-templates\/full-width.php","meta":{"footnotes":""},"class_list":["post-100","page","type-page","status-publish","has-post-thumbnail","hentry"],"_links":{"self":[{"href":"https:\/\/veersegat.nl\/de\/wp-json\/wp\/v2\/pages\/100","targetHints":{"allow":["GET"]}}],"collection":[{"href":"https:\/\/veersegat.nl\/de\/wp-json\/wp\/v2\/pages"}],"about":[{"href":"https:\/\/veersegat.nl\/de\/wp-json\/wp\/v2\/types\/page"}],"author":[{"embeddable":true,"href":"https:\/\/veersegat.nl\/de\/wp-json\/wp\/v2\/users\/1"}],"replies":[{"embeddable":true,"href":"https:\/\/veersegat.nl\/de\/wp-json\/wp\/v2\/comments?post=100"}],"version-history":[{"count":0,"href":"https:\/\/veersegat.nl\/de\/wp-json\/wp\/v2\/pages\/100\/revisions"}],"up":[{"embeddable":true,"href":"https:\/\/veersegat.nl\/de\/wp-json\/wp\/v2\/pages\/33"}],"wp:featuredmedia":[{"embeddable":true,"href":"https:\/\/veersegat.nl\/de\/wp-json\/wp\/v2\/media\/1766"}],"wp:attachment":[{"href":"https:\/\/veersegat.nl\/de\/wp-json\/wp\/v2\/media?parent=100"}],"curies":[{"name":"wp","href":"https:\/\/api.w.org\/{rel}","templated":true}]}}