{"id":114,"date":"2017-02-14T15:20:27","date_gmt":"2017-02-14T15:20:27","guid":{"rendered":"https:\/\/veersegat.nlnl\/?page_id=114"},"modified":"2026-01-19T10:38:50","modified_gmt":"2026-01-19T10:38:50","slug":"optifun","status":"publish","type":"page","link":"https:\/\/veersegat.nl\/de\/zeilschool\/zeilles\/optifun\/","title":{"rendered":"OptiFun (5-7 Jahr)"},"content":{"rendered":"<p><img loading=\"lazy\" decoding=\"async\" class=\"alignnone size-medium\" src=\"https:\/\/veersegat.nl\/optifun.png\" width=\"270\" height=\"55\" \/><br \/>\nDieses Programm ist f\u00fcr die Allerkleinsten im Alter von 5 bis 10 Jahren. Spa\u00df, Sicherheit und die Ann\u00e4herung an den Segelsport stehen hier im Vordergrund. Zusammen mit Altersgenossen und deinem Trainer lernst du die Grundlagen des Segelns mit einem Optimisten. Am Ende dieses Kurses wei\u00dft du, wie du dein eigenes Boot auftakeln musst, wie du in dem Boot sitzt und wie dein Segel stehen soll. Neben dem Segeln gehen wir auch auf Entdeckungstour. Du lernst het Veerse Meer und den Wind durch Schatzsuchen, Krabben fangen, Sch\u00e4tze ausgraben und allerlei andere Spiele zusammen mit deinem eigenen Lehrer und deiner Gruppe kennen.<\/p>\n<p><strong>Programm<\/strong><br \/>\nMorgenprogramm von 09:00-12:30 (Montag bis Freitag)<br \/>\nOder<br \/>\nNachmittagsprogramm von 14:00-17:30 (Montag bis Freitag)<\/p>\n<div style=\"width: 625px;\" class=\"wp-video\"><video class=\"wp-video-shortcode\" id=\"video-114-2\" width=\"625\" height=\"352\" preload=\"metadata\" controls=\"controls\"><source type=\"video\/mp4\" src=\"https:\/\/veersegat.nl\/wp-content\/uploads\/2019\/02\/optimist-promo-2019.mp4?_=2\" \/><a href=\"https:\/\/veersegat.nl\/wp-content\/uploads\/2019\/02\/optimist-promo-2019.mp4\">https:\/\/veersegat.nl\/wp-content\/uploads\/2019\/02\/optimist-promo-2019.mp4<\/a><\/video><\/div>\n<p><strong>Tarife 2026:<\/strong><br \/>\nSie k\u00f6nnen Ihr Kind f\u00fcr das komplette Wochenprogramm von 5 halben Tagen anmelden. Die Kosten betragen \u20ac 300,-. Dieser Kurs ist auch in Kombination mit einer Woche Privatunterricht im Valk f\u00fcr Sie als Eltern verf\u00fcgbar. Es ist auch m\u00f6glich einzelne halbe Tage Optifun zu buchen, die Kosten hierf\u00fcr betragen \u20ac 75,- pro halber Tag.<br \/>\nWenn Sie unten eins der zu reservierenden Daten anklicken, gelangen Sie zum Reservierungsprogramm. F\u00fcr die Stornierungsbedingungen und andere Bedingungen verweisen wir auf unsere\u00a0 Allgemeinen Gesch\u00e4ftsbedingungen f\u00fcr Segelschulen.<\/p>\n<p><strong>Wochenkurse 2026:<\/strong><br \/>\nWoche 1: 6 Juli bis 10 Juli<br \/>\nWoche 2: 13 Juli bis 17 Juli<br \/>\nWoche 3: 20 Juli bis 24 Juli<br \/>\nWoche 4: 27 Juli bis 31 Juli<br \/>\nWoche 5: 3 August bis 7 August<br \/>\nWoche 6: 10 August bis 14 August<br \/>\nWoche 7: 17 August bis 21 August <span style=\"color: #ff0000;\">Die Vormittagsgruppe ist ausgebucht<\/span>, in der Nachmittagsgruppe sind noch Pl\u00e4tze frei.<\/p>\n<p><strong>Was musst du mitbringen?<br \/>\n<\/strong>\u2013 geschlossene Schuhe, die nass werden d\u00fcrfen und deren Sohlen nicht abf\u00e4rben<br \/>\n\u2013 Regenkleidung<br \/>\n\u2013 komplettes Ersatzset trockene Kleidung<br \/>\n\u2013 M\u00fctze und\/oder Sonnenbrille<br \/>\n\u2013 warmer Pulli<br \/>\n\u2013 Schwimmkleidung + Handtuch<\/p>\n<p><strong>Anmeldung und Verf\u00fcgbarkeit Jugendwochen<br \/>\n<\/strong>* Um am Optifun-Programm teilnehmen zu k\u00f6nnen, muss Ihr Kind im Besitz des Schwimmdiploms A sein.<br \/>\nKlicken Sie in der nachfolgenden Tabelle das Datum an, um zum Reservierungsformular zu gelangen.<br \/>\nIhre bevorzugte Woche nicht mehr verf\u00fcgbar? Senden Sie eine E-Mail an <a href=\"mailto:info@veersegat.nl\">info@veersegat.nl<\/a> und wir pr\u00fcfen gerne die M\u00f6glichkeiten mit Ihnen.<\/p>\n<p><strong>Verf\u00fcgbarkeit Opti-fun:<\/strong><\/p>\n<p><iframe loading=\"lazy\" src=\"https:\/\/veersegat.nl\/agenda\/?id_item=14&taal=de&maand=5&jaar=2023\" width=\"100%\" height=\"280\" frameborder=\"0\" scrolling=\"auto\"><\/iframe><\/p>","protected":false},"excerpt":{"rendered":"<p>Dieses Programm ist f\u00fcr die Allerkleinsten im Alter von 5 bis 10 Jahren. Spa\u00df, Sicherheit und die Ann\u00e4herung an den Segelsport stehen hier im Vordergrund. Zusammen mit Altersgenossen und deinem&#8230; <a href=\"https:\/\/veersegat.nl\/de\/zeilschool\/zeilles\/optifun\/\">Read more &raquo;<\/a><\/p>\n","protected":false},"author":1,"featured_media":1729,"parent":112,"menu_order":1,"comment_status":"closed","ping_status":"closed","template":"page-templates\/full-width.php","meta":{"footnotes":""},"class_list":["post-114","page","type-page","status-publish","has-post-thumbnail","hentry"],"_links":{"self":[{"href":"https:\/\/veersegat.nl\/de\/wp-json\/wp\/v2\/pages\/114","targetHints":{"allow":["GET"]}}],"collection":[{"href":"https:\/\/veersegat.nl\/de\/wp-json\/wp\/v2\/pages"}],"about":[{"href":"https:\/\/veersegat.nl\/de\/wp-json\/wp\/v2\/types\/page"}],"author":[{"embeddable":true,"href":"https:\/\/veersegat.nl\/de\/wp-json\/wp\/v2\/users\/1"}],"replies":[{"embeddable":true,"href":"https:\/\/veersegat.nl\/de\/wp-json\/wp\/v2\/comments?post=114"}],"version-history":[{"count":0,"href":"https:\/\/veersegat.nl\/de\/wp-json\/wp\/v2\/pages\/114\/revisions"}],"up":[{"embeddable":true,"href":"https:\/\/veersegat.nl\/de\/wp-json\/wp\/v2\/pages\/112"}],"wp:featuredmedia":[{"embeddable":true,"href":"https:\/\/veersegat.nl\/de\/wp-json\/wp\/v2\/media\/1729"}],"wp:attachment":[{"href":"https:\/\/veersegat.nl\/de\/wp-json\/wp\/v2\/media?parent=114"}],"curies":[{"name":"wp","href":"https:\/\/api.w.org\/{rel}","templated":true}]}}