{"id":124,"date":"2017-02-14T15:22:38","date_gmt":"2017-02-14T15:22:38","guid":{"rendered":"https:\/\/veersegat.nlnl\/?page_id=124"},"modified":"2026-02-21T14:36:32","modified_gmt":"2026-02-21T14:36:32","slug":"priveles","status":"publish","type":"page","link":"https:\/\/veersegat.nl\/de\/zeilschool\/zeilles\/priveles\/","title":{"rendered":"Privatunterricht"},"content":{"rendered":"<p><strong>Pers\u00f6nlich und zielgerichtet<\/strong><br \/>\nPrivatunterricht ist vor allem f\u00fcr Erwachsene eine hervorragende Art, segeln zu lernen. Egal, ob Sie viel, wenig oder gar keine Segelerfahrung haben, die Lehrer von Het Veerse Gat k\u00f6nnen Ihnen immer neue Dinge beibringen und\/oder bereits bekannte Techniken verbessern. Zwei Aspekte, die wir dabei besonders wichtig finden, sind pers\u00f6nliche Aufmerksamkeit und ein Unterricht, der sich an Ihren Zielen orientiert.<\/p>\n<p><strong>Lehrreiche Entspannung<\/strong><br \/>\nEine Privatstunde ist nicht nur eine lehrreiche, sondern auch eine angenehm entspannende Erfahrung. Sie segeln \u00fcber das lang gestreckte Veerse Meer, ein einzigartiges Wassersportgebiet mit alten H\u00e4fen, kleinen Buchten und gr\u00fcn bewucherten Sandb\u00e4nken. Wenn Sie mit zwei Personen segeln, k\u00f6nnen Sie abwechselnd (es muss schlie\u00dflich auch gesegelt werden) die sch\u00f6ne Aussicht mit dem alten St\u00e4dtchen Veere im Hintergrund genie\u00dfen.<\/p>\n<p><strong>Preise Privatstunde 2026 pro Boot, inkl. Trainer:<\/strong><br \/>\nDrei Stunden (09:00-12:00 Uhr oder 14:00-17:00 Uhr): \u20ac 155,-<br \/>\nZwei Stunden (09:00 \u2013 11:00 Uhr, 11:00\u2013 13:00 Uhr, 14:00\u2013 16:00 Uhr, 16:00 \u2013 18:00 Uhr): \u20ac 115,-<\/p>\n<p>Ook is het mogelijk 2 priv\u00e9lessen ( van 2 x 2 uur of 2 x 3 uur) op 1 dag te boeken.<\/p>\n<p>Maximal 4 Kursteilnehmer pro Boot.<br \/>\nPrivatstunden werden nur in der Periode vom 15. April bis 23. Oktober gegeben.<\/p>\n<p><strong>Reservieren<br \/>\n<\/strong>Um eine Privatstunde zu reservieren, bitten wir Sie eine E-Mail an\u00a0<a href=\"mailto:info@veersegat.nl\/\">info@veersegat.nl\/<\/a>\u00a0zu schicken.<br \/>\nBitte deutlich angeben:<br \/>\n\u2013 Datum und Anfangszeit der gew\u00fcnschten Privatstunde<br \/>\n\u2013 Dauer der gew\u00fcnschten Privatstunde<br \/>\n\u2013 Name, E-Mail-Adresse und Telefonnummer<br \/>\n\u2013 Anzahl Personen f\u00fcr die gew\u00fcnschte Privatstunde<br \/>\nNach Erhalt Ihrer E-Mail werden wir uns so schnell wie m\u00f6glich mit Ihnen in Verbindung setzen, um die Stunde einzuplanen.<\/p>\n<p><strong>Privatunterricht findet in den Monaten Juni, Juli und August statt. Auch im April, Mai und September gibt es eingeschr\u00e4nkte M\u00f6glichkeiten. Von Oktober bis April findet kein Privatunterricht statt.<\/strong><\/p>","protected":false},"excerpt":{"rendered":"<p>Pers\u00f6nlich und zielgerichtet Privatunterricht ist vor allem f\u00fcr Erwachsene eine hervorragende Art, segeln zu lernen. Egal, ob Sie viel, wenig oder gar keine Segelerfahrung haben, die Lehrer von Het Veerse&#8230; <a href=\"https:\/\/veersegat.nl\/de\/zeilschool\/zeilles\/priveles\/\">Read more &raquo;<\/a><\/p>\n","protected":false},"author":1,"featured_media":1452,"parent":112,"menu_order":6,"comment_status":"closed","ping_status":"closed","template":"page-templates\/full-width.php","meta":{"footnotes":""},"class_list":["post-124","page","type-page","status-publish","has-post-thumbnail","hentry"],"_links":{"self":[{"href":"https:\/\/veersegat.nl\/de\/wp-json\/wp\/v2\/pages\/124","targetHints":{"allow":["GET"]}}],"collection":[{"href":"https:\/\/veersegat.nl\/de\/wp-json\/wp\/v2\/pages"}],"about":[{"href":"https:\/\/veersegat.nl\/de\/wp-json\/wp\/v2\/types\/page"}],"author":[{"embeddable":true,"href":"https:\/\/veersegat.nl\/de\/wp-json\/wp\/v2\/users\/1"}],"replies":[{"embeddable":true,"href":"https:\/\/veersegat.nl\/de\/wp-json\/wp\/v2\/comments?post=124"}],"version-history":[{"count":0,"href":"https:\/\/veersegat.nl\/de\/wp-json\/wp\/v2\/pages\/124\/revisions"}],"up":[{"embeddable":true,"href":"https:\/\/veersegat.nl\/de\/wp-json\/wp\/v2\/pages\/112"}],"wp:featuredmedia":[{"embeddable":true,"href":"https:\/\/veersegat.nl\/de\/wp-json\/wp\/v2\/media\/1452"}],"wp:attachment":[{"href":"https:\/\/veersegat.nl\/de\/wp-json\/wp\/v2\/media?parent=124"}],"curies":[{"name":"wp","href":"https:\/\/api.w.org\/{rel}","templated":true}]}}