{"id":130,"date":"2017-02-14T15:24:35","date_gmt":"2017-02-14T15:24:35","guid":{"rendered":"https:\/\/veersegat.nlnl\/?page_id=130"},"modified":"2025-11-19T23:03:08","modified_gmt":"2025-11-19T23:03:08","slug":"diplomas","status":"publish","type":"page","link":"https:\/\/veersegat.nl\/de\/zeilschool\/diplomas\/","title":{"rendered":"Diplome"},"content":{"rendered":"<p><strong>Jugendsegeln Segelscheine<\/strong><br \/>\nEs ist sicherlich eine Herausforderung deine CWO-Segelscheine zu machen, beispielsweise Einmann-Jugendsegeln I, Einmann-Jugendsegeln II und Einmann-Jugendsegeln III. Diese Segelscheine machst du bei Het Veerse Gat im Optimisten. Der Optimist ist ein kleines Jugendboot, in dem du spielerisch schnell segeln lernen kannst. Die Grundlagen lernst du bei Niveau I. Nach den Grundlagen kannst du schnell mit Niveau II und danach mit dem fortgeschrittenen Niveau III fortfahren. Es ist auch m\u00f6glich um im Laser Pico dein CWO-Diplom Zwei-Mann Jugendsegeln zu erwerben. Dann geht\u2019s du f\u00fcr die Diplome Jugendsegeln Zwei-Mann I, Jugendsegeln Zwei-Mann II und Jugendsegeln Zwei-Mann-III. Dann segelst du zusammen mit einem anderen Kursteilnehmer im Laser Pico.<\/p>\n<p><strong>Kielboot Segelscheine<\/strong><br \/>\nDie Segelboote mit denen bei Het Veerse Gat am meisten gefahren wird, sind die Valken. Ein Valk ist ein offenes Kielboot und der dazugeh\u00f6rige Segelschein, den du im Valk machen kannst, hei\u00dft ganz einfach &#8222;Kielboot&#8220;. Als Anf\u00e4nger kannst du probieren, so viele Punkte wie m\u00f6glich (Voraussetzung f\u00fcr den Segelschein=Fortgeschrittenenstatus) f\u00fcr den CWO Segelschein Kielboot I zu erreichen. Der n\u00e4chste Schritt ist der Segelschein Kielboot II. Hast du einiges an Erfahrung und vorzugsweise die Segelscheine Kielboot I und II schon geschafft, dann kannst du dich f\u00fcr den fortgeschrittenen Segelschein Kielboot III entscheiden.<\/p>\n<p><strong>Jolle Segelscheine<\/strong><br \/>\nBei Het Veerse Gat kannst du auch die Segelscheine CWO Jolle machen. In einem Laser segelst du alleine, weshalb dieses offiziell Einmannboot hei\u00dft. Um mit dem Laser zu segeln, ist es wichtig, dass du bereits Segelerfahrung hast. Der Anf\u00e4nger im Laser-Segeln macht erst den CWO Segelschein Jolle-Einmann I. Wenn du die Grundlagen schon beherrschst, kannst du mit dem Segelschein Jolle-Einmann II weitermachen. Wenn du echt schon Gef\u00fchl f\u00fcr das Segeln in einer Jolle hast, dann willst du nat\u00fcrlich auch den Segelschein Jolle-Einmann III machen. 2020 wurden die Jollensegelstunden nicht in allen Kurswochen angeboten. Im Hauptmen\u00fc unter Anmeldung kannst du sehen in welchen Wochen du den Einmann-Jolle-Kurs belegen kannst.<\/p>","protected":false},"excerpt":{"rendered":"<p>Jugendsegeln Segelscheine Es ist sicherlich eine Herausforderung deine CWO-Segelscheine zu machen, beispielsweise Einmann-Jugendsegeln I, Einmann-Jugendsegeln II und Einmann-Jugendsegeln III. Diese Segelscheine machst du bei Het Veerse Gat im Optimisten. Der&#8230; <a href=\"https:\/\/veersegat.nl\/de\/zeilschool\/diplomas\/\">Read more &raquo;<\/a><\/p>\n","protected":false},"author":1,"featured_media":1453,"parent":2,"menu_order":13,"comment_status":"closed","ping_status":"closed","template":"page-templates\/full-width.php","meta":{"footnotes":""},"class_list":["post-130","page","type-page","status-publish","has-post-thumbnail","hentry"],"_links":{"self":[{"href":"https:\/\/veersegat.nl\/de\/wp-json\/wp\/v2\/pages\/130","targetHints":{"allow":["GET"]}}],"collection":[{"href":"https:\/\/veersegat.nl\/de\/wp-json\/wp\/v2\/pages"}],"about":[{"href":"https:\/\/veersegat.nl\/de\/wp-json\/wp\/v2\/types\/page"}],"author":[{"embeddable":true,"href":"https:\/\/veersegat.nl\/de\/wp-json\/wp\/v2\/users\/1"}],"replies":[{"embeddable":true,"href":"https:\/\/veersegat.nl\/de\/wp-json\/wp\/v2\/comments?post=130"}],"version-history":[{"count":0,"href":"https:\/\/veersegat.nl\/de\/wp-json\/wp\/v2\/pages\/130\/revisions"}],"up":[{"embeddable":true,"href":"https:\/\/veersegat.nl\/de\/wp-json\/wp\/v2\/pages\/2"}],"wp:featuredmedia":[{"embeddable":true,"href":"https:\/\/veersegat.nl\/de\/wp-json\/wp\/v2\/media\/1453"}],"wp:attachment":[{"href":"https:\/\/veersegat.nl\/de\/wp-json\/wp\/v2\/media?parent=130"}],"curies":[{"name":"wp","href":"https:\/\/api.w.org\/{rel}","templated":true}]}}