{"id":142,"date":"2017-02-14T15:30:24","date_gmt":"2017-02-14T15:30:24","guid":{"rendered":"https:\/\/veersegat.nlnl\/?page_id=142"},"modified":"2024-12-12T14:20:57","modified_gmt":"2024-12-12T14:20:57","slug":"hvg-crew","status":"publish","type":"page","link":"https:\/\/veersegat.nl\/de\/zeilschool\/hvg-crew\/","title":{"rendered":"Landmitarbeiter gesucht"},"content":{"rendered":"<p>Du kannst bei uns auch als Landmitarbeiter arbeiten. Du bist mindestens 16 Jahre alt, mindestens zwei Wochen im Sommer verf\u00fcgbar und scheust dich nicht, kr\u00e4ftig anzupacken. Du hilfst bei der Vorbereitung von Mahlzeiten, r\u00e4umst auf und verrichtest die notwendigen Putzarbeiten.<\/p>\n<p>Hast du Erfahrung mit Segelbooten? Dann kannst du auch bei der Vermietung mithelfen. W\u00e4hrend der Jugendwochen wirst du als Mitarbeiter an Land auch bei den (Abend-)Spielen miteinbezogen. Auch in der Vor- und Nachsaison sind wir regelm\u00e4\u00dfig auf der Suche nach Landmitarbeitern.<\/p>\n<p>Kannst du gut mit Kindern umgehen? Dann k\u00f6nnen wir dich auch als Unterst\u00fctzung der Trainer w\u00e4hrend des Unterrichts an den Optimisten einsetzen. Du hilfst dann den Kindern beim Umziehen, wenn sie in das Wasser gehen oder wieder herauskommen. Du bist der Ansprechpartner f\u00fcr die Kinder am Ufer und versorgst sie mit Trinken und Spielen vor und nach dem Segeln.<\/p>\n<p>Hast du Interesse? Schick dann eine E-Mail an\u00a0<a href=\"mailto:info@veersegat.nl\/\">info@veersegat.nl\/<\/a>.<\/p>","protected":false},"excerpt":{"rendered":"<p>Du kannst bei uns auch als Landmitarbeiter arbeiten. Du bist mindestens 16 Jahre alt, mindestens zwei Wochen im Sommer verf\u00fcgbar und scheust dich nicht, kr\u00e4ftig anzupacken. Du hilfst bei der&#8230; <a href=\"https:\/\/veersegat.nl\/de\/zeilschool\/hvg-crew\/\">Read more &raquo;<\/a><\/p>\n","protected":false},"author":1,"featured_media":0,"parent":2,"menu_order":30,"comment_status":"closed","ping_status":"closed","template":"page-templates\/full-width.php","meta":{"footnotes":""},"class_list":["post-142","page","type-page","status-publish","hentry"],"_links":{"self":[{"href":"https:\/\/veersegat.nl\/de\/wp-json\/wp\/v2\/pages\/142","targetHints":{"allow":["GET"]}}],"collection":[{"href":"https:\/\/veersegat.nl\/de\/wp-json\/wp\/v2\/pages"}],"about":[{"href":"https:\/\/veersegat.nl\/de\/wp-json\/wp\/v2\/types\/page"}],"author":[{"embeddable":true,"href":"https:\/\/veersegat.nl\/de\/wp-json\/wp\/v2\/users\/1"}],"replies":[{"embeddable":true,"href":"https:\/\/veersegat.nl\/de\/wp-json\/wp\/v2\/comments?post=142"}],"version-history":[{"count":0,"href":"https:\/\/veersegat.nl\/de\/wp-json\/wp\/v2\/pages\/142\/revisions"}],"up":[{"embeddable":true,"href":"https:\/\/veersegat.nl\/de\/wp-json\/wp\/v2\/pages\/2"}],"wp:attachment":[{"href":"https:\/\/veersegat.nl\/de\/wp-json\/wp\/v2\/media?parent=142"}],"curies":[{"name":"wp","href":"https:\/\/api.w.org\/{rel}","templated":true}]}}