{"id":1449,"date":"2020-12-08T12:06:40","date_gmt":"2020-12-08T12:06:40","guid":{"rendered":"https:\/\/veersegat.nl\/?page_id=1449"},"modified":"2026-01-19T10:51:28","modified_gmt":"2026-01-19T10:51:28","slug":"zwaardboot-tweemans-14-18-jaar","status":"publish","type":"page","link":"https:\/\/veersegat.nl\/de\/zeilschool\/zeilles\/zwaardboot-tweemans-14-18-jaar\/","title":{"rendered":"Laser Bahia (14-18 Jahr)"},"content":{"rendered":"<p><strong>Ferien auf dem Wasser<\/strong><br \/>\nW\u00e4hrend einer Jugendwoche bei Het Veerse Gat lernst du auf unterhaltsame und sportliche Weise den Segelsport kennen. Die Tage verbringen wir nat\u00fcrlich so viel wie m\u00f6glich auf dem Wasser, denn segeln lernst du am besten, indem du es einfach tust! Abends gibt es dann Theorieunterricht und du kannst beim unterhaltsamen Abendprogramm mitmachen. Zusammen mit etwa 40 Altersgenossen und unseren netten Lehrern werden deine Ferien auf dem Wasser unvergesslich! In dieser Altersgruppe fahren wir im Valk (4 Personen pro Boot) oder im\u00a0 Laser(1 Person) oder Laser Bahia (3 Personen).<\/p>\n<p><b>Wochenprogramm<\/b><br \/>\nDie Woche beginnt Sonntagnachmittag zwischen 14.15 Uhr und 15.30 Uhr und wir schlie\u00dfen den Kurs mit einem Wettkampf vor der Segelschule am Samstagmorgen um 10.00 Uhr ab. Eltern werden ab 09:30 Uhr begr\u00fc\u00dft. Um 10.30 Uhr schliessen wir die Woche gemeinsam ab. Du wohnst auf unserem gem\u00fctlich eingerichteten Schiff \u201eLinda\u201c. W\u00e4hrend der Woche lernst du viele neue Menschen kennen, spielen wir verr\u00fcckte Spiele, besuchen wir das sch\u00f6ne Veere, organisieren einen spannenden Abendausflug und selbstverst\u00e4ndlich wird viel gesegelt<\/p>\n<p><strong>Preise 2026<\/strong>:<br \/>\n\u2013 intern: \u20ac 745,-<br \/>\n\u2013 extern (t\u00e4glich 08:45-21:00 Uhr): \u20ac 700,-<\/p>\n<p>Wenn Sie unten eins der zu reservierenden Daten anklicken, gelangen Sie zum Reservierungsprogramm.\u00a0 F\u00fcr die Stornierungsbedingungen und andere Bedingungen verweisen wir auf unsere Allgemeinen Gesch\u00e4ftsbedingungen.<\/p>\n<p><strong>Die Wochenkurse 2026:<br \/>\n<\/strong>Woche 1: 5 Juli bis 11 Juli<br \/>\nWoche 2: 12 Juli bis 18 Juli<br \/>\nWoche 3: 19 Juli bis 25 Juli<br \/>\nWoche 4: 26 juli bis 1 August<br \/>\nWoche 5: 2 August bis 8 August<br \/>\nWoche 6: 9 August bis 15 August<br \/>\nWoche 7: 16 August bis 22 August<\/p>\n<p><strong>Tagesprogramm<\/strong><br \/>\nNat\u00fcrlich bist du neugierig, wie das Tagesprogramm w\u00e4hrend der Jugendwoche aussieht. Nachfolgend findest du eine kurze Beschreibung:<br \/>\n08:00 \u2013 08:30 Fr\u00fchst\u00fcck<br \/>\n09:00 \u2013 12:30 Segeln, mit einer Pause um 10:30, oft auf einer der kleinen Inseln im Veerse Meer<br \/>\n13:00 \u2013 13:45 Mittagessen (bei sch\u00f6nem Wetter an einem der Tage Picknick unterwegs mit der gesamten Gruppe)<br \/>\n14:00 \u2013 17:30 Segeln, mit einer kurzen Pause unterwegs um 15:30<br \/>\n17:30 \u2013 18:30 Kurzes Ausruhen von all den Wassersportaktivit\u00e4ten<br \/>\n18:30 \u2013 19:00 Abendessen<br \/>\n19:30 \u2013 21:30 Eine Theoriestunde gefolgt von einer geselligen Abendaktivit\u00e4t (\u00e4ltere Jugend bis 22:30 Uhr) Bei sch\u00f6nem Wetter an einem der Abende eine Abend-\/Nachtwanderung.<br \/>\n21:00 &#8211; 21:30 Tee<\/p>\n<p>Wie du siehst, wird viel gesegelt. Dabei probieren die Trainer dir auf eine ansprechende Art und Weise so viel wie m\u00f6glich beizubringen, damit du am Ende der Woche vielleicht einen CWO-Segelschein schaffen kannst.<\/p>\n<p><iframe loading=\"lazy\" title=\"Weekimpressie HVG\" width=\"625\" height=\"352\" src=\"https:\/\/www.youtube.com\/embed\/VOTLW2s5NpE?feature=oembed\" frameborder=\"0\" allow=\"accelerometer; autoplay; clipboard-write; encrypted-media; gyroscope; picture-in-picture; web-share\" referrerpolicy=\"strict-origin-when-cross-origin\" allowfullscreen><\/iframe><\/p>\n<p><strong>Was musst du mitbringen?<\/strong><br \/>\nEinige Dinge, die du sicher nicht vergessen solltest:<br \/>\n\u2013 Regenkleidung (Jacke, Stiefel und Hose)<br \/>\n\u2013 Kleidung f\u00fcr warmes (Sonnenbrille mit B\u00e4ndern, Sonnencreme, Kappe, Schwimmkleidung) und kaltes Wetter<br \/>\n\u2013 Schuhe (Minimum 2 Paare), bei denen die Sohlen nicht abf\u00e4rben (zum Beispiel Sport- oder Bootschuhe) und die nass werden d\u00fcrfen<br \/>\n\u2013 Pflegeartikel<br \/>\n\u2013 Handt\u00fccher (mindestens 2)<br \/>\n\u2013 Schlafsack, Spannbetttuch und Kissenbezug<br \/>\n\u2013 Taschengeld (10 &#8211; 15 Euro ist mehr als genug)<\/p>\n<p><strong>Handys<\/strong><br \/>\nHandys sind super wichtig f\u00fcr euch, aber wir glauben, dass du es sicher auch eine Woche ohne schaffst! Aus diesem Grund hat die Segelschule Het Veerse Gat beschlossen, dass Handys f\u00fcr Kursteilnehmer nicht zugelassen sind. Die Trainer sind allzeit erreichbar f\u00fcr die Sicherheit auf dem Wasser und werden auch genug Fotos machen. Willst du doch eben dein Zuhause kontaktieren? Dann kannst du w\u00e4hrend des Tees (21:00-21:30 Uhr) das Telefon der Segelschule benutzen. Wollen Sie als Eltern wissen, wie es den Kindern w\u00e4hrend der Woche geht? Dann k\u00f6nnen Sie zwischen 21:00 und 21:30 Uhr einen der Mitarbeiter anrufen. Sie k\u00f6nnen uns unter 0031 118 50 13 98 erreichen.<\/p>\n<p><strong>Wetsuit<\/strong><br \/>\nUm die Sicherheit auf dem Wasser zu garantieren, ist es verpflichtet einen Wetsuit w\u00e4hrend des Laser Bahia-Kurses zu tragen. Falls du von der Vermietung Gebrauch machen willst, kannst du das auf deinem Anmeldeformular angeben. Gebe deine Kleidergr\u00f6\u00dfe deutlich an. Die Kosten f\u00fcr einen Wetsuit sind im Preis inbegriffen.<\/p>\n<p><strong>Anmeldung und Verf\u00fcgbarkeit Jugendwochen<\/strong><br \/>\n<span style=\"font-size: 1rem;\">Bist du neugierig, welches Boot am besten zu dir passt? Schau dann, auf welchen Booten Unterricht gegeben wird.<br \/>\n<\/span>Klicke in einer der nachfolgenden Tabellen das Datum an, um zum Anmeldeformular zu gelangen. Ihre bevorzugte Woche nicht mehr verf\u00fcgbar? Senden Sie eine E-Mail an <a href=\"mailto:info@veersegat.nl\/\">info@veersegat.nl\/<\/a> und wir pr\u00fcfen gerne die M\u00f6glichkeiten mit Ihnen.<\/p>\n<p><iframe loading=\"lazy\" src=\"https:\/\/veersegat.nl\/agenda\/?id_item=18&taal=de&maand=5&jaar=2023\" width=\"100%\" height=\"280\" frameborder=\"0\" scrolling=\"auto\"><\/iframe><br \/>\n<iframe loading=\"lazy\" src=\"https:\/\/veersegat.nl\/agenda\/?id_item=19&taal=de&maand=5&jaar=2023\" width=\"100%\" height=\"280\" frameborder=\"0\" scrolling=\"auto\"><\/iframe><\/p>","protected":false},"excerpt":{"rendered":"<p>Ferien auf dem Wasser W\u00e4hrend einer Jugendwoche bei Het Veerse Gat lernst du auf unterhaltsame und sportliche Weise den Segelsport kennen. Die Tage verbringen wir nat\u00fcrlich so viel wie m\u00f6glich&#8230; <a href=\"https:\/\/veersegat.nl\/de\/zeilschool\/zeilles\/zwaardboot-tweemans-14-18-jaar\/\">Read more &raquo;<\/a><\/p>\n","protected":false},"author":1,"featured_media":1650,"parent":112,"menu_order":4,"comment_status":"closed","ping_status":"closed","template":"page-templates\/full-width.php","meta":{"footnotes":""},"class_list":["post-1449","page","type-page","status-publish","has-post-thumbnail","hentry"],"_links":{"self":[{"href":"https:\/\/veersegat.nl\/de\/wp-json\/wp\/v2\/pages\/1449","targetHints":{"allow":["GET"]}}],"collection":[{"href":"https:\/\/veersegat.nl\/de\/wp-json\/wp\/v2\/pages"}],"about":[{"href":"https:\/\/veersegat.nl\/de\/wp-json\/wp\/v2\/types\/page"}],"author":[{"embeddable":true,"href":"https:\/\/veersegat.nl\/de\/wp-json\/wp\/v2\/users\/1"}],"replies":[{"embeddable":true,"href":"https:\/\/veersegat.nl\/de\/wp-json\/wp\/v2\/comments?post=1449"}],"version-history":[{"count":0,"href":"https:\/\/veersegat.nl\/de\/wp-json\/wp\/v2\/pages\/1449\/revisions"}],"up":[{"embeddable":true,"href":"https:\/\/veersegat.nl\/de\/wp-json\/wp\/v2\/pages\/112"}],"wp:featuredmedia":[{"embeddable":true,"href":"https:\/\/veersegat.nl\/de\/wp-json\/wp\/v2\/media\/1650"}],"wp:attachment":[{"href":"https:\/\/veersegat.nl\/de\/wp-json\/wp\/v2\/media?parent=1449"}],"curies":[{"name":"wp","href":"https:\/\/api.w.org\/{rel}","templated":true}]}}