{"id":1639,"date":"2025-05-14T11:01:27","date_gmt":"2025-05-14T11:01:27","guid":{"rendered":"https:\/\/veersegat.nl\/?page_id=1639"},"modified":"2025-08-12T20:31:54","modified_gmt":"2025-08-12T20:31:54","slug":"verhuur-zeilbootverhuur-valk","status":"publish","type":"page","link":"https:\/\/veersegat.nl\/de\/verhuur\/zeilboten\/verhuur-zeilbootverhuur-valk\/","title":{"rendered":"Valk"},"content":{"rendered":"<p class=\"qtranxs-available-languages-message qtranxs-available-languages-message-de\">Leider ist der Eintrag nur auf <a href=\"https:\/\/veersegat.nl\/nl\/wp-json\/wp\/v2\/pages\/1639\" class=\"qtranxs-available-language-link qtranxs-available-language-link-nl\" title=\"Nederlands\">Nederlands<\/a> verf\u00fcgbar. Der Inhalt wird unten in einer verf\u00fcgbaren Sprache angezeigt. Klicken Sie auf den Link, um die aktuelle Sprache zu \u00e4ndern.<\/p><p><\/p>\n<p style=\"font-weight: 400;\"><strong>De Valk<img loading=\"lazy\" decoding=\"async\" class=\" wp-image-1633 alignright\" src=\"https:\/\/veersegat.nl\/wp-content\/uploads\/2025\/05\/Scherm\u00adafbeelding-2025-05-11-om-17.50.18-300x201.png\" alt=\"\" width=\"342\" height=\"229\" srcset=\"https:\/\/veersegat.nl\/wp-content\/uploads\/2025\/05\/Scherm\u00adafbeelding-2025-05-11-om-17.50.18-300x200.png 300w, https:\/\/veersegat.nl\/wp-content\/uploads\/2025\/05\/Scherm\u00adafbeelding-2025-05-11-om-17.50.18-1024x686.png 1024w, https:\/\/veersegat.nl\/wp-content\/uploads\/2025\/05\/Scherm\u00adafbeelding-2025-05-11-om-17.50.18-768x515.png 768w, https:\/\/veersegat.nl\/wp-content\/uploads\/2025\/05\/Scherm\u00adafbeelding-2025-05-11-om-17.50.18-1536x1030.png 1536w, https:\/\/veersegat.nl\/wp-content\/uploads\/2025\/05\/Scherm\u00adafbeelding-2025-05-11-om-17.50.18-624x418.png 624w, https:\/\/veersegat.nl\/wp-content\/uploads\/2025\/05\/Scherm\u00adafbeelding-2025-05-11-om-17.50.18.png 1796w\" sizes=\"auto, (max-width: 342px) 100vw, 342px\" \/><\/strong><br \/>\nEen Valk is een comfortabele polyester zeilboot met een ruime kuip en een zeiloppervlak van ongeveer 16 m2. Mede door de stabiliteit en ruime diepe kuip is de Valk een goede en veilige keuze. Onze Valken zijn uitgerust met een rolfok. De boot is geschikt voor maximaal 5 personen. Meer opvarenden per boot is om veiligheidsredenen niet aan te bevelen en daarom ook niet toegestaan.<\/p>\n<p style=\"font-weight: 400;\">Tot de uitrusting behoren:<\/p>\n<ul style=\"font-weight: 400;\">\n<li>zwemvesten voor alle opvarenden<\/li>\n<li>Een kaart van het Veerse Meer<\/li>\n<li>(vaste) landvasten + spring<\/li>\n<li>stootwillen<\/li>\n<li>een dweil<\/li>\n<li>twee peddels<\/li>\n<li>een grote waterdichte ton<\/li>\n<li>EHBO-doos<\/li>\n<\/ul>\n<p style=\"font-weight: 400;\"><em>Let op: onze boten beschikken niet over een buitenboordmotor. Voldoende zeilervaring (met name afvaren en aanleggen) is een vereiste.<\/em><\/p>\n<p style=\"font-weight: 400;\">Het is mogelijk een zeilboot te huren in combinatie met een trekkershut\/appartement.<br \/>\nOok kunt u in overleg een zeilboot met schipper huren. Voor meer informatie neem vrijblijvend contact met ons op.<\/p>\n<p style=\"font-weight: 400;\"><strong>Kosten<\/strong><br \/>\nDe prijzen voor een Poly Valk bedragen:<br \/>\nBoothuur ochtend : \u20ac 55,-\u00a0 vanaf 09:00 tot 13:00 uur<br \/>\nBoothuur middag\u00a0 \u00a0: \u20ac 70,-\u00a0 vanaf 13:00 tot 17:30 uur<br \/>\nBoothuur hele dag : \u20ac 100,-\u00a0 \u00a0vanaf 9:00 tot 17:30 uur<br \/>\nBoothuur avond\u00a0 \u00a0 \u00a0: \u20ac\u00a0 65,-\u00a0 \u00a0vanaf 18:00 tot uiterlijk 21:30 uur, afhankelijk van het tijdstip van zonsondergang. Dit alleen mogelijk van 1 mei t\/m 28 augustus en op Zondag t\/m Donderdag.<br \/>\nBij terugkomst na 13:00, 17:30 of 21:30 uur afhankelijk van de huurperiode,\u00a0 wordt \u20ac 25 per per half uur in rekening gebracht.<\/p>\n<p style=\"font-weight: 400;\"><strong>Voorwaarden:<\/strong><\/p>\n<ul style=\"font-weight: 400;\">\n<li>per zeilboot dient er minimaal \u00e9\u00e9n ervaren Valk-zeiler aan boord te zijn (ter beoordeling aan de zeilschool).<\/li>\n<li>voor annuleringsvoorwaarden verwijzen wij naar onze Algemene voorwaarden.<\/li>\n<li>De borg bedraagt 300,- per gehuurd vaartuig. De borg wordt achteraf in rekening gebracht bij schade.<\/li>\n<li>Indien de weersomstandigheden naar mening van Zeilschool Het Veerse Gat een veilige vaart niet toelaten, dan wordt de huurovereenkomst geannuleerd.\u00a0 Vanzelfsprekend wordt het eventueel vooruitbetaalde bedrag in dat geval volledig gerestitueerd.<a  class=\"ButtonPloon\" href=\"https:\/\/book.vloot.app\/het-veerse-gat\/nl\/item\/10\">Klik hier om te boeken<\/a><\/li>\n<\/ul>\n<p><\/p>","protected":false},"excerpt":{"rendered":"<p>Leider ist der Eintrag nur auf Nederlands verf\u00fcgbar. Der Inhalt wird unten in einer verf\u00fcgbaren Sprache angezeigt. Klicken Sie auf den Link, um die aktuelle Sprache zu \u00e4ndern. De Valk&#8230; <a href=\"https:\/\/veersegat.nl\/de\/verhuur\/zeilboten\/verhuur-zeilbootverhuur-valk\/\">Read more &raquo;<\/a><\/p>\n","protected":false},"author":2,"featured_media":0,"parent":61,"menu_order":1,"comment_status":"closed","ping_status":"closed","template":"page-templates\/full-width.php","meta":{"footnotes":""},"class_list":["post-1639","page","type-page","status-publish","hentry"],"_links":{"self":[{"href":"https:\/\/veersegat.nl\/de\/wp-json\/wp\/v2\/pages\/1639","targetHints":{"allow":["GET"]}}],"collection":[{"href":"https:\/\/veersegat.nl\/de\/wp-json\/wp\/v2\/pages"}],"about":[{"href":"https:\/\/veersegat.nl\/de\/wp-json\/wp\/v2\/types\/page"}],"author":[{"embeddable":true,"href":"https:\/\/veersegat.nl\/de\/wp-json\/wp\/v2\/users\/2"}],"replies":[{"embeddable":true,"href":"https:\/\/veersegat.nl\/de\/wp-json\/wp\/v2\/comments?post=1639"}],"version-history":[{"count":0,"href":"https:\/\/veersegat.nl\/de\/wp-json\/wp\/v2\/pages\/1639\/revisions"}],"up":[{"embeddable":true,"href":"https:\/\/veersegat.nl\/de\/wp-json\/wp\/v2\/pages\/61"}],"wp:attachment":[{"href":"https:\/\/veersegat.nl\/de\/wp-json\/wp\/v2\/media?parent=1639"}],"curies":[{"name":"wp","href":"https:\/\/api.w.org\/{rel}","templated":true}]}}