{"id":33,"date":"2017-02-14T14:11:39","date_gmt":"2017-02-14T14:11:39","guid":{"rendered":"https:\/\/veersegat.nlnl\/?page_id=33"},"modified":"2025-01-10T11:59:03","modified_gmt":"2025-01-10T11:59:03","slug":"verhuur","status":"publish","type":"page","link":"https:\/\/veersegat.nl\/de\/verhuur\/","title":{"rendered":"Vermietung"},"content":{"rendered":"<p><a href=\"https:\/\/veersegat.nl\/de\/verhuur\/zeilboten\/\"><strong>Segelboote<\/strong><\/a><br \/>\nSie haben Erfahrung im Segeln und m\u00f6chten auf sichere Weise den Veerse See erkunden? Dann mieten Sie ein Segelboot (Typ &#8222;Valk&#8220;) bei Het Veerse Gat. Vom H\u00e4fen aus sind Sie im Nu auf dem Veerse See, einem einzigartigen Wassersportgebiet mit kleinen alten H\u00e4fen, Inseln mit reichlich Anlegepl\u00e4tzen, Buchten, S\u00fcmpfen und bewachsenen Sandb\u00e4nken.<\/p>\n<p><a href=\"https:\/\/veersegat.nl\/de\/verhuur\/trekkershutten\/\"><strong>Wanderh\u00fctten<\/strong><\/a><br \/>\nWenn Sie auf der Suche nach einer besonderen Unterkunft sind, sollten Sie unbedingt einmal Het Veerse Gat besuchen. In unseren H\u00fctten kommen Sie v\u00f6llig zur Ruhe. Ob Sie ein bi\u00dfchen Kultur schnuppern, einen Tag lang shoppen oder an den Strand gehen m\u00f6chten &#8211; es ist alles in Reichweite. Sie befinden sich in einzigartiger Lage direkt am Veerse See. W\u00e4hrend Ihrem Aufenthalt k\u00f6nnen Sie bei den H\u00fctten ein offenes Boot oder einen Katamaran unterbringen und \u00fcber eine h\u00f6lzerne Anh\u00e4nger-Rampe ins Wasser lassen.<\/p>\n<p><a href=\"https:\/\/veersegat.nl\/de\/verhuur\/appartementen\/\"><strong>Apartements<\/strong><\/a><br \/>\nHet Veerse Gat vermietet zwei Apartments direkt am Veerse See. Diese befinden sich im Erdgescho\u00df des Hauptgeb\u00e4udes. Die Apartments umfassen ein ger\u00e4umiges Wohnzimmer mit Sitzecke und E\u00dfbereich sowie eine offene K\u00fcche, zwei Schlafzimmer (1 Doppelzimmer und 1 Vierbettzimmer) und ein Badezimmer mit Dusche und Toilette. Durch Fl\u00fcgelt\u00fcren gelangen Sie auf die umlaufenden Terrassen. Die Apartments sind ausgestattet mit TV, Mikrowelle, Geschirrsp\u00fcler, Wasserkocher und Kaffeemaschine. Auf Anfrage k\u00f6nnen Sie \u00fcber ein Nespresso-Ger\u00e4t verf\u00fcgen und die Waschmaschine bzw. den W\u00e4schetrockner nutzen.<\/p>\n<p><a href=\"https:\/\/veersegat.nl\/de\/verhuur\/groepsaccommodatie\/\"><strong>Gruppenunterkunft (&#8222;Linda&#8220;)<\/strong><\/a><br \/>\nF\u00fcr Firmen, Schulen und Gruppen auf der Suche nach einer besonderen Gruppenunterkunft \u2013 m\u00f6glicherweise in Kombination mit anderen (Wasser-)Aktivit\u00e4ten bietet Het Veerse Gat verschiedene Optionen. Neben den H\u00fctten (7 H\u00fctten f\u00fcr jeweils 4 Personen) k\u00f6nnen Sie die Gruppenunterkunft auf der MS \u201eLinda\u201c mieten. Das heimelig eingerichtete Schiff verf\u00fcgt \u00fcber 36 Schlafpl\u00e4tze , einen Essraum und Sanit\u00e4ranlagen.<\/p>","protected":false},"excerpt":{"rendered":"<p>Segelboote Sie haben Erfahrung im Segeln und m\u00f6chten auf sichere Weise den Veerse See erkunden? Dann mieten Sie ein Segelboot (Typ &#8222;Valk&#8220;) bei Het Veerse Gat. Vom H\u00e4fen aus sind&#8230; <a href=\"https:\/\/veersegat.nl\/de\/verhuur\/\">Read more &raquo;<\/a><\/p>\n","protected":false},"author":1,"featured_media":0,"parent":0,"menu_order":3,"comment_status":"closed","ping_status":"closed","template":"page-templates\/full-width.php","meta":{"footnotes":""},"class_list":["post-33","page","type-page","status-publish","hentry"],"_links":{"self":[{"href":"https:\/\/veersegat.nl\/de\/wp-json\/wp\/v2\/pages\/33","targetHints":{"allow":["GET"]}}],"collection":[{"href":"https:\/\/veersegat.nl\/de\/wp-json\/wp\/v2\/pages"}],"about":[{"href":"https:\/\/veersegat.nl\/de\/wp-json\/wp\/v2\/types\/page"}],"author":[{"embeddable":true,"href":"https:\/\/veersegat.nl\/de\/wp-json\/wp\/v2\/users\/1"}],"replies":[{"embeddable":true,"href":"https:\/\/veersegat.nl\/de\/wp-json\/wp\/v2\/comments?post=33"}],"version-history":[{"count":0,"href":"https:\/\/veersegat.nl\/de\/wp-json\/wp\/v2\/pages\/33\/revisions"}],"wp:attachment":[{"href":"https:\/\/veersegat.nl\/de\/wp-json\/wp\/v2\/media?parent=33"}],"curies":[{"name":"wp","href":"https:\/\/api.w.org\/{rel}","templated":true}]}}