{"id":35,"date":"2017-02-14T14:12:59","date_gmt":"2017-02-14T14:12:59","guid":{"rendered":"https:\/\/veersegat.nlnl\/?page_id=35"},"modified":"2025-06-24T15:23:30","modified_gmt":"2025-06-24T15:23:30","slug":"bedrijfsuitjes","status":"publish","type":"page","link":"https:\/\/veersegat.nl\/de\/bedrijfsuitjes\/","title":{"rendered":"Betriebsausfl\u00fcge"},"content":{"rendered":"<p><strong>Sportliches Zusammensein in einer Gruppe<\/strong><br \/>\nSpeziell f\u00fcr Gruppen (Unternehmen, Schulen u.\u00e4.) bietet Het Veerse Gat die M\u00f6glichkeit, einen gemeinschaftlichen, sportlichen Tag miteinander zu verbringen und somit den Teamgeist zu st\u00e4rken. Zugleich kann die Gruppe in gem\u00fctlicher und entspannter Atmosph\u00e4re den Segelsport kennen lernen. Sie segeln unter Anleitung eines erfahrenen Trainers mit Valken (geeignet f\u00fcr 3 bis 4 Erwachsene pro Boot) \u00fcber das Veerse Meer.<br \/>\nUnterwegs k\u00f6nnen Sie auf einer der kleinen Inseln, in der alten Stadt Veere oder beim Kanuzentrum &#8222;De Piet&#8220; anlegen. Selbstverst\u00e4ndlich m\u00f6chten unsere Trainer Ihnen eventuell auch einige Segelkniffe beibringen. Wir k\u00f6nnen Sie mit einem Mittagessen auf einer der vielen kleinen Inseln versorgen. Sie k\u00f6nnen den Tag auch bei uns im Hafen mit einem Barbecue, einer indonesischen Reistafel oder einem warm-kalten B\u00fcfett ausklingen lassen. Kurzum, M\u00f6glichkeiten ohne Ende!<\/p>\n<p><strong>Weitere M\u00f6glichkeiten<br \/>\n<\/strong>M\u00f6chten Sie mehr Ideen erhalten oder sind Sie neugierig, ob Ihre eigenen Ideen auch m\u00f6glich sind? Nehmen Sie dann unverbindlich Kontakt mit uns auf, damit wir zusammen ein sch\u00f6nes Tages-, mehrt\u00e4giges oder Wochenprogramm zusammenstellen k\u00f6nnen. Auch f\u00fcr Informationen zu Preisen nehmen Sie am besten Kontakt mit uns auf:\u00a0<a href=\"mailto:info@veersegat.nl\/\">info@veersegat.nl\/<\/a>\u00a0oder 0031 \u2013 118 \u2013 50 13 98.<\/p>\n<p><strong>\u00a0<\/strong><\/p>","protected":false},"excerpt":{"rendered":"<p>Sportliches Zusammensein in einer Gruppe Speziell f\u00fcr Gruppen (Unternehmen, Schulen u.\u00e4.) bietet Het Veerse Gat die M\u00f6glichkeit, einen gemeinschaftlichen, sportlichen Tag miteinander zu verbringen und somit den Teamgeist zu st\u00e4rken&#8230;. <a href=\"https:\/\/veersegat.nl\/de\/bedrijfsuitjes\/\">Read more &raquo;<\/a><\/p>\n","protected":false},"author":1,"featured_media":1773,"parent":0,"menu_order":4,"comment_status":"closed","ping_status":"closed","template":"page-templates\/full-width.php","meta":{"footnotes":""},"class_list":["post-35","page","type-page","status-publish","has-post-thumbnail","hentry"],"_links":{"self":[{"href":"https:\/\/veersegat.nl\/de\/wp-json\/wp\/v2\/pages\/35","targetHints":{"allow":["GET"]}}],"collection":[{"href":"https:\/\/veersegat.nl\/de\/wp-json\/wp\/v2\/pages"}],"about":[{"href":"https:\/\/veersegat.nl\/de\/wp-json\/wp\/v2\/types\/page"}],"author":[{"embeddable":true,"href":"https:\/\/veersegat.nl\/de\/wp-json\/wp\/v2\/users\/1"}],"replies":[{"embeddable":true,"href":"https:\/\/veersegat.nl\/de\/wp-json\/wp\/v2\/comments?post=35"}],"version-history":[{"count":0,"href":"https:\/\/veersegat.nl\/de\/wp-json\/wp\/v2\/pages\/35\/revisions"}],"wp:featuredmedia":[{"embeddable":true,"href":"https:\/\/veersegat.nl\/de\/wp-json\/wp\/v2\/media\/1773"}],"wp:attachment":[{"href":"https:\/\/veersegat.nl\/de\/wp-json\/wp\/v2\/media?parent=35"}],"curies":[{"name":"wp","href":"https:\/\/api.w.org\/{rel}","templated":true}]}}