{"id":4,"date":"2017-02-14T13:29:09","date_gmt":"2017-02-14T13:29:09","guid":{"rendered":"https:\/\/veersegat.nl?page_id=4"},"modified":"2025-06-25T14:23:14","modified_gmt":"2025-06-25T14:23:14","slug":"home","status":"publish","type":"page","link":"https:\/\/veersegat.nl\/de\/","title":{"rendered":""},"content":{"rendered":"<p><strong><a href=\"https:\/\/veersegat.nl\/zeilschool\/zeilles\/\">Jugendwochen: Ferien auf dem Wasser<\/a>!<\/strong><br \/>\nW\u00e4hrend einer Jugendwoche bei Het Veerse Gat lernst du auf unterhaltsame und sportliche Weise den Segelsport kennen. Die Tage verbringen wir nat\u00fcrlich so viel wie m\u00f6glich auf dem Wasser, denn segeln lernst du am besten, indem du es einfach tust! Abends gibt es dann Theorieunterricht und du kannst beim unterhaltsamen Abendprogramm mitmachen. Zusammen mit den anderen Kursteilnehmern (im Alter von 8 bis ungef\u00e4hr 17 Jahren; die Booteinteilung erfolgt nach Alter und Segelerfahrung) und unseren Lehrern werden deine Ferien in der Segelschule unvergesslich!<\/p>\n<p><img loading=\"lazy\" decoding=\"async\" class=\"wp-image-809 size-medium alignright\" style=\"font-size: 1rem;\" src=\"https:\/\/veersegat.nl\/wp-content\/uploads\/2018\/12\/optifun-stormzeiltjes-300x225.jpg\" alt=\"\" width=\"300\" height=\"225\" srcset=\"https:\/\/veersegat.nl\/wp-content\/uploads\/2018\/12\/optifun-stormzeiltjes-300x225.jpg 300w, https:\/\/veersegat.nl\/wp-content\/uploads\/2018\/12\/optifun-stormzeiltjes-768x576.jpg 768w, https:\/\/veersegat.nl\/wp-content\/uploads\/2018\/12\/optifun-stormzeiltjes-1024x768.jpg 1024w, https:\/\/veersegat.nl\/wp-content\/uploads\/2018\/12\/optifun-stormzeiltjes-1536x1152.jpg 1536w, https:\/\/veersegat.nl\/wp-content\/uploads\/2018\/12\/optifun-stormzeiltjes-2048x1536.jpg 2048w, https:\/\/veersegat.nl\/wp-content\/uploads\/2018\/12\/optifun-stormzeiltjes-624x468.jpg 624w, https:\/\/veersegat.nl\/wp-content\/uploads\/2018\/12\/optifun-stormzeiltjes-240x180.jpg 240w\" sizes=\"auto, (max-width: 300px) 100vw, 300px\" \/><strong>Wochenprogramma<\/strong><br \/>\nDie Woche beginnt Sonntagnachmittag zwischen 15:00 Uhr und 16:00 Uhr und wir schlie\u00dfen den Kurs mit einem Wettkampf vor der Segelschule am Samstagmorgen um 09:30 Uhr ab. W\u00e4hrend der Woche lernst du viele neue Menschen kennen, spielen wir verr\u00fcckte Spiele, besuchen wir das sch\u00f6ne Veere, organisieren einen spannenden Abendausflug und selbstverst\u00e4ndlich wird viel gesegelt. Das tun wir in sogenannten Valken, Optimisten Laser Pico\u2019s und Lasers.<\/p>\n<p><a href=\"https:\/\/veersegat.nl\/verhuur\/appartementen\/\"><strong>Apartements<\/strong><\/a><br \/>\nHet Veerse Gat verf\u00fcgt \u00fcber zwei Apartements zur Vermietung, direkt am Veerse Meer.<br \/>\n<a href=\"https:\/\/veersegat.nl\/verhuur\/appartementen\/\">Klicken Sie hier f\u00fcr mehr Informationen<\/a><\/p>\n<p><a href=\"https:\/\/veersegat.nl\/verhuur\/trekkershutten\/\"><strong>Wanderh\u00fctten<\/strong><\/a><br \/>\nWenn Sie auf der Suche nach einem ganz besonderen Ort zum \u00dcbernachten sind, sollten Sie unbedingt einmal zu Het Veerse Gat kommen. Wir vermieten Wanderh\u00fctten (f\u00fcr 4-6 Personen), die direkt am Veerse Meer liegen. Es ist auch m\u00f6glich, eine Wanderh\u00fctte oder ein Apartment in Kombination mit einem Segelboot zu mieten.<br \/>\n<a href=\"https:\/\/veersegat.nl\/verhuur\/trekkershutten\/\">Klicken Sie hier f\u00fcr mehr Informationen.<\/a><\/p>","protected":false},"excerpt":{"rendered":"<p>Jugendwochen: Ferien auf dem Wasser! W\u00e4hrend einer Jugendwoche bei Het Veerse Gat lernst du auf unterhaltsame und sportliche Weise den Segelsport kennen. Die Tage verbringen wir nat\u00fcrlich so viel wie&#8230; <a href=\"https:\/\/veersegat.nl\/de\/\">Read more &raquo;<\/a><\/p>\n","protected":false},"author":1,"featured_media":0,"parent":0,"menu_order":0,"comment_status":"closed","ping_status":"closed","template":"page-templates\/full-width.php","meta":{"footnotes":""},"class_list":["post-4","page","type-page","status-publish","hentry"],"_links":{"self":[{"href":"https:\/\/veersegat.nl\/de\/wp-json\/wp\/v2\/pages\/4","targetHints":{"allow":["GET"]}}],"collection":[{"href":"https:\/\/veersegat.nl\/de\/wp-json\/wp\/v2\/pages"}],"about":[{"href":"https:\/\/veersegat.nl\/de\/wp-json\/wp\/v2\/types\/page"}],"author":[{"embeddable":true,"href":"https:\/\/veersegat.nl\/de\/wp-json\/wp\/v2\/users\/1"}],"replies":[{"embeddable":true,"href":"https:\/\/veersegat.nl\/de\/wp-json\/wp\/v2\/comments?post=4"}],"version-history":[{"count":0,"href":"https:\/\/veersegat.nl\/de\/wp-json\/wp\/v2\/pages\/4\/revisions"}],"wp:attachment":[{"href":"https:\/\/veersegat.nl\/de\/wp-json\/wp\/v2\/media?parent=4"}],"curies":[{"name":"wp","href":"https:\/\/api.w.org\/{rel}","templated":true}]}}