{"id":55,"date":"2017-02-14T14:25:25","date_gmt":"2017-02-14T14:25:25","guid":{"rendered":"https:\/\/veersegat.nlnl\/?page_id=55"},"modified":"2023-12-28T10:22:41","modified_gmt":"2023-12-28T10:22:41","slug":"links","status":"publish","type":"page","link":"https:\/\/veersegat.nl\/de\/en-verder\/links\/","title":{"rendered":"Links"},"content":{"rendered":"<p class=\"qtranxs-available-languages-message qtranxs-available-languages-message-de\">Leider ist der Eintrag nur auf <a href=\"https:\/\/veersegat.nl\/nl\/wp-json\/wp\/v2\/pages\/55\" class=\"qtranxs-available-language-link qtranxs-available-language-link-nl\" title=\"Nederlands\">Nederlands<\/a> verf\u00fcgbar. Der Inhalt wird unten in einer verf\u00fcgbaren Sprache angezeigt. Klicken Sie auf den Link, um die aktuelle Sprache zu \u00e4ndern.<\/p><p>Commissie Watersport Opleidingen<br \/>\n<a href=\"http:\/\/www.cwo.nl\/\" target=\"_blank\" rel=\"noopener noreferrer\">www.cwo.nl<\/a><\/p>\n<p>Watersportverbond<br \/>\n<a href=\"https:\/\/www.watersportverbond.nl\/\">https:\/\/www.watersportverbond.nl\/<\/a><\/p>\n<p>Leren varen<br \/>\n<a href=\"https:\/\/www.hiswa.nl\/leren-varen\">https:\/\/www.hiswa.nl\/leren-varen<\/a><\/p>\n<p>Magic Marine<br \/>\n<a href=\"http:\/\/www.magicmarine.com\/\" target=\"_blank\" rel=\"noopener noreferrer\">www.magicmarine.com<\/a><\/p>\n<p>TransEef vertalingen<br \/>\n<a href=\"http:\/\/www.transeef.nl\">www.transeef.nl\u00a0<\/a><\/p>\n<p>Veerse meer<br \/>\n<a href=\"http:\/\/www.veersemeer.com\" target=\"_blank\" rel=\"noopener noreferrer\">www.veersemeer.com<\/a><\/p>\n<p>Website Deltagids<br \/>\n<a href=\"http:\/\/www.deltagids.nl\" target=\"_blank\" rel=\"noopener noreferrer\">www.deltagids.nl<\/a><\/p>\n<p>Digitale Vaarrroutekaart<br \/>\n<a href=\"http:\/\/www.vaarroutekaart.nl\" target=\"_blank\" rel=\"noopener noreferrer\">www.vaarroutekaart.nl<\/a><\/p>\n<p>Meyer Beheer<br \/>\n<a href=\"http:\/\/www.meyerbeheer.nl\" target=\"_blank\" rel=\"noopener noreferrer\">www.meyerbeheer.nl<\/a><\/p>\n<p>Ploon Producties<br \/>\n<a href=\"http:\/\/www.ploon.nl\" target=\"_blank\" rel=\"noopener noreferrer\">www.ploon.nl<\/a><\/p>\n<p>Watersportvereniging Arne<br \/>\n<a href=\"http:\/\/www.wvarne.nl\/\">www.wvarne.nl<\/a><\/p>\n<p>Jachtclub Veere<br \/>\n<a href=\"http:\/\/www.jachtclubveere.nl\/\">www.jachtclubveere.nl<\/a><\/p>","protected":false},"excerpt":{"rendered":"<p>Leider ist der Eintrag nur auf Nederlands verf\u00fcgbar. Der Inhalt wird unten in einer verf\u00fcgbaren Sprache angezeigt. Klicken Sie auf den Link, um die aktuelle Sprache zu \u00e4ndern.Commissie Watersport Opleidingen&#8230; <a href=\"https:\/\/veersegat.nl\/de\/en-verder\/links\/\">Read more &raquo;<\/a><\/p>\n","protected":false},"author":1,"featured_media":0,"parent":41,"menu_order":0,"comment_status":"closed","ping_status":"closed","template":"page-templates\/full-width.php","meta":{"footnotes":""},"class_list":["post-55","page","type-page","status-publish","hentry"],"_links":{"self":[{"href":"https:\/\/veersegat.nl\/de\/wp-json\/wp\/v2\/pages\/55","targetHints":{"allow":["GET"]}}],"collection":[{"href":"https:\/\/veersegat.nl\/de\/wp-json\/wp\/v2\/pages"}],"about":[{"href":"https:\/\/veersegat.nl\/de\/wp-json\/wp\/v2\/types\/page"}],"author":[{"embeddable":true,"href":"https:\/\/veersegat.nl\/de\/wp-json\/wp\/v2\/users\/1"}],"replies":[{"embeddable":true,"href":"https:\/\/veersegat.nl\/de\/wp-json\/wp\/v2\/comments?post=55"}],"version-history":[{"count":0,"href":"https:\/\/veersegat.nl\/de\/wp-json\/wp\/v2\/pages\/55\/revisions"}],"up":[{"embeddable":true,"href":"https:\/\/veersegat.nl\/de\/wp-json\/wp\/v2\/pages\/41"}],"wp:attachment":[{"href":"https:\/\/veersegat.nl\/de\/wp-json\/wp\/v2\/media?parent=55"}],"curies":[{"name":"wp","href":"https:\/\/api.w.org\/{rel}","templated":true}]}}