{"id":67,"date":"2017-02-14T14:34:14","date_gmt":"2017-02-14T14:34:14","guid":{"rendered":"https:\/\/veersegat.nlnl\/?page_id=67"},"modified":"2026-01-19T12:18:19","modified_gmt":"2026-01-19T12:18:19","slug":"trekkershutten","status":"publish","type":"page","link":"https:\/\/veersegat.nl\/de\/verhuur\/trekkershutten\/","title":{"rendered":"Wanderh\u00fctten"},"content":{"rendered":"<p>&nbsp;<\/p>\n<p>&nbsp;<\/p>\n<p><img loading=\"lazy\" decoding=\"async\" width=\"1024\" height=\"303\" class=\"alignnone wp-image-633\" style=\"font-size: 1rem;\" src=\"https:\/\/veersegat.nl\/wp-content\/uploads\/2018\/05\/foto-08-1024x303.jpg\" srcset=\"https:\/\/veersegat.nl\/wp-content\/uploads\/2018\/05\/foto-08-1024x303.jpg 1024w, https:\/\/veersegat.nl\/wp-content\/uploads\/2018\/05\/foto-08-300x89.jpg 300w, https:\/\/veersegat.nl\/wp-content\/uploads\/2018\/05\/foto-08-768x227.jpg 768w, https:\/\/veersegat.nl\/wp-content\/uploads\/2018\/05\/foto-08-1536x454.jpg 1536w, https:\/\/veersegat.nl\/wp-content\/uploads\/2018\/05\/foto-08-2048x606.jpg 2048w, https:\/\/veersegat.nl\/wp-content\/uploads\/2018\/05\/foto-08-624x185.jpg 624w\" sizes=\"auto, (max-width: 1024px) 100vw, 1024px\" \/><\/p>\n<p><strong>Einzigartige Unterkunft<\/strong><br \/>\nWenn Sie auf der Suche nach einem einzigartigen \u00dcbernachtungsort sind, m\u00fcssen Sie auf jeden Fall einmal zum Het Veerse Gat kommen. In unseren Trekkingh\u00fctten k\u00f6nnen Sie zur Ruhe kommen. Die Wanderh\u00fctten von Het Veerse Gat werden h\u00e4ufig von Seglern, Surfern, Radfahrern, Kanufahrern, Wanderern usw. besucht. Auf der Insel Walcheren in Zeeland gibt es herrliche Rad- und Wanderwege. Sie k\u00f6nnen quasi direkt von Ihrer Trekkingh\u00fctte aus eine wunderbare Wanderung durch den nahe gelegenen Veerser Wald starten.<a href=\"https:\/\/veersegat.nl\/verhuur\/\"><img loading=\"lazy\" decoding=\"async\" class=\"alignright wp-image-639 size-medium\" style=\"font-size: 1rem;\" src=\"https:\/\/veersegat.nl\/wp-content\/uploads\/2018\/05\/hut-3-300x200.jpg\" alt=\"\" width=\"300\" height=\"200\" srcset=\"https:\/\/veersegat.nl\/wp-content\/uploads\/2018\/05\/hut-3-300x200.jpg 300w, https:\/\/veersegat.nl\/wp-content\/uploads\/2018\/05\/hut-3-768x512.jpg 768w, https:\/\/veersegat.nl\/wp-content\/uploads\/2018\/05\/hut-3-1024x683.jpg 1024w, https:\/\/veersegat.nl\/wp-content\/uploads\/2018\/05\/hut-3-1536x1024.jpg 1536w, https:\/\/veersegat.nl\/wp-content\/uploads\/2018\/05\/hut-3-624x416.jpg 624w, https:\/\/veersegat.nl\/wp-content\/uploads\/2018\/05\/hut-3.jpg 1920w\" sizes=\"auto, (max-width: 300px) 100vw, 300px\" \/><\/a><\/p>\n<p><strong>Wanderh\u00fctte<\/strong><br \/>\nHet Veerse Gat bietet 7 ger\u00e4umige, sechseckige Wanderh\u00fctten von ca. 32 m2. Die H\u00fctten liegen direkt am Veerse Meer und bieten eine wundervolle Aussicht \u00fcber das Wasser. Die H\u00fctte besteht aus einem gro\u00dfen Wohnbereich und 2 separaten Schlafbereichen mit einem Etagenbett (2 x 90-200). Die H\u00fctte verf\u00fcgt ebenfalls \u00fcber eine Schlafcouch.<br \/>\nDie Kochecke besteht aus einem kleinen K\u00fchlschrank, einem Gasherd und einer Basisausstattung an Geschirr, Besteck, Pfannen und Kessel, kein Wasserkocher. Duschen und Toiletten befinden sich in den angrenzenden Sanit\u00e4ranlagen. Het Veerse Gat verf\u00fcgt \u00fcber 1 enzelne- und 1 doppelter Wanderh\u00fctte (2 geschaltete einzelne H\u00fctten)<\/p>\n<p><img loading=\"lazy\" decoding=\"async\" class=\"size-medium wp-image-1255 alignright\" src=\"https:\/\/veersegat.nl\/wp-content\/uploads\/2020\/06\/007-225x300.jpg\" alt=\"\" width=\"225\" height=\"300\" srcset=\"https:\/\/veersegat.nl\/wp-content\/uploads\/2020\/06\/007-225x300.jpg 225w, https:\/\/veersegat.nl\/wp-content\/uploads\/2020\/06\/007-624x832.jpg 624w, https:\/\/veersegat.nl\/wp-content\/uploads\/2020\/06\/007.jpg 768w\" sizes=\"auto, (max-width: 225px) 100vw, 225px\" \/><\/p>\n<p><strong>Wanderh\u00fctte \u2018de Luxe\u2019<\/strong><br \/>\nWanderh\u00fctte \u2018de Luxe\u2019 ist ein Campingbungalow von zirka 50m2. Auch diese H\u00fctten liegen direkt am Wasser. Wanderh\u00fctte \u2018de Luxe\u2019 hat einen Wohnbereich mit K\u00fcche (K\u00fchlschrank, Kochherd und Basisausstattung K\u00fccheninventar), zwei Schlafzimmer mit je 2 Einzelbetten (80\u00d7200) und einen Dusch-Toilettenraum. Die H\u00fctte verf\u00fcgt ebenfalls \u00fcber eine Schlafcouch und TV. Wanderh\u00fctte \u201ade Luxe\u2018 wird ausschlie\u00dflich f\u00fcr mindestens 2 N\u00e4chte vermietet.(Juli &#8211; August 1 Woche, Freitag &#8211; Freitag) Het Veerse Gat verf\u00fcgt \u00fcber 3 Wanderh\u00fctten \u2018de Luxe\u2019.<\/p>\n<p>An den H\u00fctten befindet sich eine kleine Slipanlage, mit der Boote (manuell) ins Wasser gelassen werden k\u00f6nnen. Het Veerse Gat verf\u00fcgt \u00fcber ein paar Kanus, die von den G\u00e4sten ganz nach Belieben genutzt werden k\u00f6nnen. Wir vermieten auch SUP-Boards an G\u00e4sten<\/p>\n<p><strong>Preise Wanderh\u00fctten 2026<\/strong><\/p>\n<p><b>Wanderh\u00fctte 4 Personen<br \/>\n<\/b><span style=\"font-weight: 400;\">Nebensaison: (15 April bis 28. Juni und 31. August bis 31. Oktober) <\/span><span style=\"font-weight: 400;\">Sofern das Wetter es zul\u00e4sst<br \/>\n<\/span><span style=\"font-weight: 400;\">\u20ac 97,50,- pro nacht, mindestens 2 N\u00e4chte.<\/span><span style=\"font-weight: 400;\"><br \/>\n<\/span><\/p>\n<p><span style=\"font-weight: 400;\">Wanderh\u00fctte Hochsaison (29. Juni bis 30. August)<br \/>\nPro woche \u20ac 753,75 Vermietung nur Samstag bis Samstag m\u00f6glich.<br \/>\nPro nacht \u20ac 115,- , mindestens 2 N\u00e4chte .<\/span><\/p>\n<p><b>Wanderh\u00fctte \u2018de Luxe\u2018<br \/>\n<\/b><span style=\"font-weight: 400;\">Nebensaison: (1. Januari bis 28. Juni und 31. August bis 31. December)<\/span><span style=\"font-weight: 400;\"><br \/>\n<\/span><span style=\"font-weight: 400;\">\u20ac 160,- Pro nacht, mindestens 2 N\u00e4chte<br \/>\n<\/span><\/p>\n<p><span style=\"font-weight: 400;\">Hochsaison (29 Juni bis 31 August)<br \/>\n\u20ac 1172,50.-. Vermietung nur Samstag bis Samstag m\u00f6glich<\/span><\/p>\n<p><span style=\"font-weight: 400;\">Alle Preise sind:<br \/>\n<\/span><span style=\"font-weight: 400;\">&#8211; Exkl. Endreinigung \u20ac 50,-<br \/>\n<\/span><span style=\"font-weight: 400;\">&#8211; Exkl. Kutaxe<br \/>\n<\/span><span style=\"font-weight: 400;\">&#8211; ettw\u00e4sche (optional) \u20ac12,95 pro Perso<br \/>\n<\/span><\/p>\n<p>Hunde sind nicht erlaubt. Offenes (Lager-)Feuer auf der Wiese oder an den H\u00fctten und im Grill ist nicht zugelassen.<\/p>\n<p>F\u00fcr weitere Informationen oder Reservierung schicken Sie eine E-Mail an <a href=\"mailto:info@veersegat.nl\/\">info@veersegat.nl\/<\/a>.<\/p>\n<p><em>Wanderh\u00fctte<\/em><\/p>\n<p><img loading=\"lazy\" decoding=\"async\" class=\"alignleft wp-image-644 size-thumbnail\" src=\"https:\/\/veersegat.nl\/wp-content\/uploads\/2018\/05\/hut-8-150x150.jpg\" alt=\"\" width=\"150\" height=\"150\" srcset=\"https:\/\/veersegat.nl\/wp-content\/uploads\/2018\/05\/hut-8-150x150.jpg 150w, https:\/\/veersegat.nl\/wp-content\/uploads\/2018\/05\/hut-8-180x180.jpg 180w, https:\/\/veersegat.nl\/wp-content\/uploads\/2018\/05\/hut-8-60x60.jpg 60w\" sizes=\"auto, (max-width: 150px) 100vw, 150px\" \/><img loading=\"lazy\" decoding=\"async\" class=\"alignleft wp-image-638 size-thumbnail\" style=\"font-size: 1rem;\" src=\"https:\/\/veersegat.nl\/wp-content\/uploads\/2018\/05\/hut-2-150x150.jpg\" alt=\"\" width=\"150\" height=\"150\" srcset=\"https:\/\/veersegat.nl\/wp-content\/uploads\/2018\/05\/hut-2-150x150.jpg 150w, https:\/\/veersegat.nl\/wp-content\/uploads\/2018\/05\/hut-2-180x180.jpg 180w, https:\/\/veersegat.nl\/wp-content\/uploads\/2018\/05\/hut-2-60x60.jpg 60w\" sizes=\"auto, (max-width: 150px) 100vw, 150px\" \/><img loading=\"lazy\" decoding=\"async\" class=\"alignleft wp-image-641 size-thumbnail\" style=\"font-size: 1rem;\" src=\"https:\/\/veersegat.nl\/wp-content\/uploads\/2018\/05\/hut-5-150x150.jpg\" alt=\"\" width=\"150\" height=\"150\" srcset=\"https:\/\/veersegat.nl\/wp-content\/uploads\/2018\/05\/hut-5-150x150.jpg 150w, https:\/\/veersegat.nl\/wp-content\/uploads\/2018\/05\/hut-5-180x180.jpg 180w, https:\/\/veersegat.nl\/wp-content\/uploads\/2018\/05\/hut-5-60x60.jpg 60w\" sizes=\"auto, (max-width: 150px) 100vw, 150px\" \/><\/p>\n<p><img loading=\"lazy\" decoding=\"async\" class=\"alignleft wp-image-640 size-thumbnail\" style=\"font-size: 1rem;\" src=\"https:\/\/veersegat.nl\/wp-content\/uploads\/2018\/05\/hut-4-150x150.jpg\" alt=\"\" width=\"150\" height=\"150\" srcset=\"https:\/\/veersegat.nl\/wp-content\/uploads\/2018\/05\/hut-4-150x150.jpg 150w, https:\/\/veersegat.nl\/wp-content\/uploads\/2018\/05\/hut-4-180x180.jpg 180w, https:\/\/veersegat.nl\/wp-content\/uploads\/2018\/05\/hut-4-60x60.jpg 60w\" sizes=\"auto, (max-width: 150px) 100vw, 150px\" \/><img loading=\"lazy\" decoding=\"async\" class=\"alignleft wp-image-642 size-thumbnail\" style=\"font-size: 1rem;\" src=\"https:\/\/veersegat.nl\/wp-content\/uploads\/2018\/05\/hut-6-e1526549467517-150x150.jpg\" alt=\"\" width=\"150\" height=\"150\" srcset=\"https:\/\/veersegat.nl\/wp-content\/uploads\/2018\/05\/hut-6-e1526549467517-150x150.jpg 150w, https:\/\/veersegat.nl\/wp-content\/uploads\/2018\/05\/hut-6-e1526549467517-180x180.jpg 180w, https:\/\/veersegat.nl\/wp-content\/uploads\/2018\/05\/hut-6-e1526549467517-60x60.jpg 60w\" sizes=\"auto, (max-width: 150px) 100vw, 150px\" \/><\/p>\n<p>&nbsp;<\/p>\n<p>&nbsp;<\/p>\n<p>&nbsp;<\/p>\n<p>&nbsp;<\/p>\n<p>&nbsp;<\/p>\n<p>&nbsp;<\/p>\n<p>&nbsp;<\/p>\n<p>&nbsp;<\/p>\n<p><em>Wanderh\u00fctte &#8218;de luxe&#8216;<\/em><\/p>\n<p><img loading=\"lazy\" decoding=\"async\" class=\"wp-image-1035 alignleft\" src=\"https:\/\/veersegat.nl\/wp-content\/uploads\/2020\/01\/hut-03-300x282.jpg\" alt=\"\" width=\"219\" height=\"206\" srcset=\"https:\/\/veersegat.nl\/wp-content\/uploads\/2020\/01\/hut-03-300x282.jpg 300w, https:\/\/veersegat.nl\/wp-content\/uploads\/2020\/01\/hut-03-768x722.jpg 768w, https:\/\/veersegat.nl\/wp-content\/uploads\/2020\/01\/hut-03-624x587.jpg 624w, https:\/\/veersegat.nl\/wp-content\/uploads\/2020\/01\/hut-03.jpg 919w\" sizes=\"auto, (max-width: 219px) 100vw, 219px\" \/><img loading=\"lazy\" decoding=\"async\" class=\"alignnone size-medium wp-image-1252\" src=\"https:\/\/veersegat.nl\/wp-content\/uploads\/2020\/06\/004-225x300.jpg\" alt=\"\" width=\"225\" height=\"300\" srcset=\"https:\/\/veersegat.nl\/wp-content\/uploads\/2020\/06\/004-225x300.jpg 225w, https:\/\/veersegat.nl\/wp-content\/uploads\/2020\/06\/004-624x832.jpg 624w, https:\/\/veersegat.nl\/wp-content\/uploads\/2020\/06\/004.jpg 768w\" sizes=\"auto, (max-width: 225px) 100vw, 225px\" \/> <img loading=\"lazy\" decoding=\"async\" class=\"alignnone size-medium wp-image-1251\" src=\"https:\/\/veersegat.nl\/wp-content\/uploads\/2020\/06\/003-225x300.jpg\" alt=\"\" width=\"225\" height=\"300\" srcset=\"https:\/\/veersegat.nl\/wp-content\/uploads\/2020\/06\/003-225x300.jpg 225w, https:\/\/veersegat.nl\/wp-content\/uploads\/2020\/06\/003-624x832.jpg 624w, https:\/\/veersegat.nl\/wp-content\/uploads\/2020\/06\/003.jpg 768w\" sizes=\"auto, (max-width: 225px) 100vw, 225px\" \/> <img loading=\"lazy\" decoding=\"async\" class=\"alignnone size-medium wp-image-1253\" src=\"https:\/\/veersegat.nl\/wp-content\/uploads\/2020\/06\/005-225x300.jpg\" alt=\"\" width=\"225\" height=\"300\" srcset=\"https:\/\/veersegat.nl\/wp-content\/uploads\/2020\/06\/005-225x300.jpg 225w, https:\/\/veersegat.nl\/wp-content\/uploads\/2020\/06\/005-624x832.jpg 624w, https:\/\/veersegat.nl\/wp-content\/uploads\/2020\/06\/005.jpg 768w\" sizes=\"auto, (max-width: 225px) 100vw, 225px\" \/> <img loading=\"lazy\" decoding=\"async\" class=\"alignnone size-medium wp-image-1250\" src=\"https:\/\/veersegat.nl\/wp-content\/uploads\/2020\/06\/002-225x300.jpg\" alt=\"\" width=\"225\" height=\"300\" srcset=\"https:\/\/veersegat.nl\/wp-content\/uploads\/2020\/06\/002-225x300.jpg 225w, https:\/\/veersegat.nl\/wp-content\/uploads\/2020\/06\/002-624x832.jpg 624w, https:\/\/veersegat.nl\/wp-content\/uploads\/2020\/06\/002.jpg 768w\" sizes=\"auto, (max-width: 225px) 100vw, 225px\" \/> <img loading=\"lazy\" decoding=\"async\" class=\"alignnone size-medium wp-image-1254\" src=\"https:\/\/veersegat.nl\/wp-content\/uploads\/2020\/06\/006-225x300.jpg\" alt=\"\" width=\"225\" height=\"300\" srcset=\"https:\/\/veersegat.nl\/wp-content\/uploads\/2020\/06\/006-225x300.jpg 225w, https:\/\/veersegat.nl\/wp-content\/uploads\/2020\/06\/006-624x832.jpg 624w, https:\/\/veersegat.nl\/wp-content\/uploads\/2020\/06\/006.jpg 768w\" sizes=\"auto, (max-width: 225px) 100vw, 225px\" \/> <img loading=\"lazy\" decoding=\"async\" class=\"alignnone size-medium wp-image-1248\" src=\"https:\/\/veersegat.nl\/wp-content\/uploads\/2020\/06\/001-225x300.jpg\" alt=\"\" width=\"225\" height=\"300\" srcset=\"https:\/\/veersegat.nl\/wp-content\/uploads\/2020\/06\/001-225x300.jpg 225w, https:\/\/veersegat.nl\/wp-content\/uploads\/2020\/06\/001-624x832.jpg 624w, https:\/\/veersegat.nl\/wp-content\/uploads\/2020\/06\/001.jpg 768w\" sizes=\"auto, (max-width: 225px) 100vw, 225px\" \/><\/p>\n<p>&nbsp;<\/p>\n<p>&nbsp;<\/p>\n<p>&nbsp;<\/p>\n<p><iframe loading=\"lazy\" src=\"https:\/\/veersegat.nl\/agenda\/?id_item=2&taal=de\" width=\"100%\" height=\"280\" frameborder=\"0\" scrolling=\"auto\"><\/iframe><br \/>\n<iframe loading=\"lazy\" src=\"https:\/\/veersegat.nl\/agenda\/?id_item=20&taal=de\" width=\"100%\" height=\"280\" frameborder=\"0\" scrolling=\"auto\"><\/iframe><\/p>","protected":false},"excerpt":{"rendered":"<p>&nbsp; &nbsp; Einzigartige Unterkunft Wenn Sie auf der Suche nach einem einzigartigen \u00dcbernachtungsort sind, m\u00fcssen Sie auf jeden Fall einmal zum Het Veerse Gat kommen. In unseren Trekkingh\u00fctten k\u00f6nnen Sie&#8230; <a href=\"https:\/\/veersegat.nl\/de\/verhuur\/trekkershutten\/\">Read more &raquo;<\/a><\/p>\n","protected":false},"author":1,"featured_media":0,"parent":33,"menu_order":2,"comment_status":"closed","ping_status":"closed","template":"page-templates\/full-width.php","meta":{"footnotes":""},"class_list":["post-67","page","type-page","status-publish","hentry"],"_links":{"self":[{"href":"https:\/\/veersegat.nl\/de\/wp-json\/wp\/v2\/pages\/67","targetHints":{"allow":["GET"]}}],"collection":[{"href":"https:\/\/veersegat.nl\/de\/wp-json\/wp\/v2\/pages"}],"about":[{"href":"https:\/\/veersegat.nl\/de\/wp-json\/wp\/v2\/types\/page"}],"author":[{"embeddable":true,"href":"https:\/\/veersegat.nl\/de\/wp-json\/wp\/v2\/users\/1"}],"replies":[{"embeddable":true,"href":"https:\/\/veersegat.nl\/de\/wp-json\/wp\/v2\/comments?post=67"}],"version-history":[{"count":0,"href":"https:\/\/veersegat.nl\/de\/wp-json\/wp\/v2\/pages\/67\/revisions"}],"up":[{"embeddable":true,"href":"https:\/\/veersegat.nl\/de\/wp-json\/wp\/v2\/pages\/33"}],"wp:attachment":[{"href":"https:\/\/veersegat.nl\/de\/wp-json\/wp\/v2\/media?parent=67"}],"curies":[{"name":"wp","href":"https:\/\/api.w.org\/{rel}","templated":true}]}}